{"id":3061,"date":"2016-12-30T11:18:39","date_gmt":"2016-12-30T10:18:39","guid":{"rendered":"http:\/\/orthopediatrie.com\/?page_id=3061"},"modified":"2021-04-18T18:55:54","modified_gmt":"2021-04-18T16:55:54","slug":"hanche-luxation-et-dysplasie","status":"publish","type":"page","link":"https:\/\/orthopediatrie.com\/index.php\/hanche-luxation-et-dysplasie\/","title":{"rendered":"Hanche &#8211; Luxation et Dysplasie"},"content":{"rendered":"<p><!--more--><\/p>\n<h3>Luxation Cong\u00e9nitale de hanche<\/h3>\n<p>Tout nouveau-n\u00e9 a un examen orthop\u00e9dique approfondi en maternit\u00e9 afin de d\u00e9pister une \u00e9ventuelle luxation cong\u00e9nitale de hanche. Cette pathologie se diagnostique cliniquement par un m\u00e9decin entrain\u00e9.<\/p>\n<p>Toute luxation cong\u00e9nitale de hanche n\u00e9cessite un traitement et un suivi par un chirurgien orthop\u00e9diste p\u00e9diatre afin que la r\u00e9duction soit acquise, ce qui permettra une acquisition de la marche sans boiterie par l\u2019enfant.<\/p>\n<p>Une <strong>r\u00e9duction orthop\u00e9dique<\/strong>, c\u2019est \u00e0 dire <strong>sans chirurgie<\/strong>, est quasiment toujours tent\u00e9e. En fonction de l\u2019examen clinique de l\u2019enfant, le Dr Ramanoudjame discutera avec vous des diff\u00e9rents moyens de traitements non chirurgicaux (Lange C\u00e2lin, Harnais de Pavlik\u2026.)<\/p>\n<p><img loading=\"lazy\" class=\"wp-image-3357 aligncenter\" src=\"http:\/\/orthopediatrie.com\/wp-content\/uploads\/2019\/01\/Luxation-congenitale-de-hanche-traite\u0301e-par-harnais-au-CMOP-300x181.png\" alt=\"\" width=\"588\" height=\"354\" srcset=\"https:\/\/orthopediatrie.com\/wp-content\/uploads\/2019\/01\/Luxation-congenitale-de-hanche-traite\u0301e-par-harnais-au-CMOP-300x181.png 300w, https:\/\/orthopediatrie.com\/wp-content\/uploads\/2019\/01\/Luxation-congenitale-de-hanche-traite\u0301e-par-harnais-au-CMOP-768x463.png 768w, https:\/\/orthopediatrie.com\/wp-content\/uploads\/2019\/01\/Luxation-congenitale-de-hanche-traite\u0301e-par-harnais-au-CMOP-1024x617.png 1024w, https:\/\/orthopediatrie.com\/wp-content\/uploads\/2019\/01\/Luxation-congenitale-de-hanche-traite\u0301e-par-harnais-au-CMOP.png 1202w\" sizes=\"(max-width: 588px) 100vw, 588px\" \/><\/p>\n<p>En cas d\u2019\u00e9chec de ce type de prise en charge, une solution chirurgicale efficace est propos\u00e9e. Il s\u2019agit de la <strong>r\u00e9duction chirurgicale de hanche<\/strong>.<\/p>\n<p>Les radiographies suivantes illustrent le cas d\u2019un enfant adress\u00e9 pour luxation cong\u00e9nitale de hanche droite d\u00e9couverte tardivement. Un traitement en hospitalisation par traction durant 4 semaines avait permit de r\u00e9duire la hanche. La stabilisation de la hanche \u00e9tait assur\u00e9e par la confection d\u2019un pl\u00e2tre sous anesth\u00e9sie g\u00e9n\u00e9rale. Cet enfant a maintenant un excellent r\u00e9sultat fonctionnel et radiologique sans chirurgie de la hanche.<\/p>\n<p><img loading=\"lazy\" class=\"wp-image-3356 aligncenter\" src=\"http:\/\/orthopediatrie.com\/wp-content\/uploads\/2019\/01\/Image-luxation-congenitale-de-hanche-300x227.png\" alt=\"\" width=\"580\" height=\"439\" srcset=\"https:\/\/orthopediatrie.com\/wp-content\/uploads\/2019\/01\/Image-luxation-congenitale-de-hanche-300x227.png 300w, https:\/\/orthopediatrie.com\/wp-content\/uploads\/2019\/01\/Image-luxation-congenitale-de-hanche.png 694w\" sizes=\"(max-width: 580px) 100vw, 580px\" \/><\/p>\n<p>Le Dr Ramanoudjame a une grande exp\u00e9rience de la traction dans le cadre de la luxation cong\u00e9nitale de la hanche. Le protocole pr\u00e9cis et exigeant est expliqu\u00e9 aux parents avec des sch\u00e9mas et nombreuses photos pendant la consultation. La traction se fait \u00e0 la clinique Marcel Sembat par le Dr Ramanoudjame.<\/p>\n<h3><img loading=\"lazy\" class=\"wp-image-3442 aligncenter\" src=\"http:\/\/orthopediatrie.com\/wp-content\/uploads\/2019\/01\/traction-LCH-300x223.png\" alt=\"\" width=\"550\" height=\"409\" srcset=\"https:\/\/orthopediatrie.com\/wp-content\/uploads\/2019\/01\/traction-LCH-300x223.png 300w, https:\/\/orthopediatrie.com\/wp-content\/uploads\/2019\/01\/traction-LCH.png 599w\" sizes=\"(max-width: 550px) 100vw, 550px\" \/><\/h3>\n<h3>Traction pour Luxation cong\u00e9nitale de Hanche: une prise en charge personnalis\u00e9e par le Dr Ramanoudjame<\/h3>\n<p>Le Dr Ramanoudjame s&rsquo;occupe int\u00e9gralement de la prise en charge d&rsquo;un enfant pr\u00e9sentant une luxation cong\u00e9nitale de hanche d\u00e9couverte tardivement. Une traction est habituellement propos\u00e9e afin d&rsquo;\u00e9viter une intervention chirurgicale. L&rsquo;Hospitalisation se fait \u00e0 l&rsquo;Institut de l&rsquo;Enfant. Pour toute information \u00e0 ce sujet, un RDV rapide est propos\u00e9 apr\u00e8s contact mail: orthopediatrie@gmail.com<\/p>\n<p><img loading=\"lazy\" class=\" wp-image-3697 aligncenter\" src=\"http:\/\/orthopediatrie.com\/wp-content\/uploads\/2021\/04\/Capture-de\u0301cran-2021-04-18-a\u0300-18.32.50-300x170.png\" alt=\"Luxation hanche\" width=\"643\" height=\"364\" srcset=\"https:\/\/orthopediatrie.com\/wp-content\/uploads\/2021\/04\/Capture-de\u0301cran-2021-04-18-a\u0300-18.32.50-300x170.png 300w, https:\/\/orthopediatrie.com\/wp-content\/uploads\/2021\/04\/Capture-de\u0301cran-2021-04-18-a\u0300-18.32.50-768x435.png 768w, https:\/\/orthopediatrie.com\/wp-content\/uploads\/2021\/04\/Capture-de\u0301cran-2021-04-18-a\u0300-18.32.50.png 808w\" sizes=\"(max-width: 643px) 100vw, 643px\" \/><\/p>\n<h3>Dysplasie de hanche<\/h3>\n<p>L\u2019\u00e9chographie r\u00e9alis\u00e9e \u00e0 un mois peut retrouver une dysplasie de la hanche. Cela signifie que l\u2019articulation de la hanche n\u2019est pas assez mature.<\/p>\n<p>Le Dr Ramanoudjame examine dans ce cas votre enfant afin de d\u00e9terminer s\u2019il existe une indication \u00e0 un traitement sp\u00e9cifique afin que la hanche de votre enfant termine son d\u00e9veloppement.<\/p>\n<p>En effet, dans certains cas, tout traitement est inutile et la hanche va terminer son d\u00e9veloppement sans l\u2019adjonction d\u2019un traitement compl\u00e9mentaire. Le <strong>Dr Ramanoudjame<\/strong> d\u00e9terminera avec pr\u00e9cision si votre enfant pr\u00e9sente <strong>une dysplasie n\u00e9cessitant un traitement sp\u00e9cifique par lange ou pas .<\/strong> En cas de traitement, celui-ci sera institu\u00e9 au cabinet par le Dr Ramanoudjame<\/p>\n","protected":false},"excerpt":{"rendered":"<p>&#8230; <a class=\"more-link\" href=\"https:\/\/orthopediatrie.com\/index.php\/hanche-luxation-et-dysplasie\/\">Continue reading<\/a><\/p>\n","protected":false},"author":1,"featured_media":0,"parent":0,"menu_order":0,"comment_status":"closed","ping_status":"closed","template":"","meta":[],"_links":{"self":[{"href":"https:\/\/orthopediatrie.com\/index.php\/wp-json\/wp\/v2\/pages\/3061"}],"collection":[{"href":"https:\/\/orthopediatrie.com\/index.php\/wp-json\/wp\/v2\/pages"}],"about":[{"href":"https:\/\/orthopediatrie.com\/index.php\/wp-json\/wp\/v2\/types\/page"}],"author":[{"embeddable":true,"href":"https:\/\/orthopediatrie.com\/index.php\/wp-json\/wp\/v2\/users\/1"}],"replies":[{"embeddable":true,"href":"https:\/\/orthopediatrie.com\/index.php\/wp-json\/wp\/v2\/comments?post=3061"}],"version-history":[{"count":20,"href":"https:\/\/orthopediatrie.com\/index.php\/wp-json\/wp\/v2\/pages\/3061\/revisions"}],"predecessor-version":[{"id":3698,"href":"https:\/\/orthopediatrie.com\/index.php\/wp-json\/wp\/v2\/pages\/3061\/revisions\/3698"}],"wp:attachment":[{"href":"https:\/\/orthopediatrie.com\/index.php\/wp-json\/wp\/v2\/media?parent=3061"}],"curies":[{"name":"wp","href":"https:\/\/api.w.org\/{rel}","templated":true}]}}