{"id":3028,"date":"2016-12-30T10:14:38","date_gmt":"2016-12-30T09:14:38","guid":{"rendered":"http:\/\/orthopediatrie.com\/?page_id=3028"},"modified":"2019-01-27T22:13:41","modified_gmt":"2019-01-27T21:13:41","slug":"pied-bot-varus-equin","status":"publish","type":"page","link":"https:\/\/orthopediatrie.com\/index.php\/pied-bot-varus-equin\/","title":{"rendered":"Pied Bot Varus Equin"},"content":{"rendered":"\n<p><\/p>\n\n\n<p>\u00a0<\/p>\n<p><strong>Pied Bot Varus Equin Cong\u00e9nital\u00a0: Une prise en charge coordonn\u00e9e et efficace avec le Dr Ramanoudjame et Madame Marie Jo Clio.<\/strong><\/p>\n<p>\u00a0<\/p>\n<p><strong><img loading=\"lazy\" class=\"wp-image-3349 alignleft\" src=\"http:\/\/orthopediatrie.com\/wp-content\/uploads\/2019\/01\/PBVE-naissance-300x198.png\" alt=\"\" width=\"365\" height=\"241\" srcset=\"https:\/\/orthopediatrie.com\/wp-content\/uploads\/2019\/01\/PBVE-naissance-300x198.png 300w, https:\/\/orthopediatrie.com\/wp-content\/uploads\/2019\/01\/PBVE-naissance-768x507.png 768w, https:\/\/orthopediatrie.com\/wp-content\/uploads\/2019\/01\/PBVE-naissance.png 790w\" sizes=\"(max-width: 365px) 100vw, 365px\" \/><\/strong><\/p>\n<p><strong>Aspect de pieds bot varus Equins bilat\u00e9raux a la naissance<\/strong><\/p>\n<p>\u00a0<\/p>\n<p>\u00a0<\/p>\n<p>\u00a0<\/p>\n<p>\u00a0<\/p>\n<p>\u00a0<\/p>\n<p>\u00a0<\/p>\n<p><strong>Conscientes de l\u2019implication du traitement par la famille, le Dr Ramanoudjame et Madame Marie Jo Clio proposent une prise en charge centralis\u00e9e au Centre Ortho P\u00e9diatrique Nation o\u00f9 vous voyez au sein de la m\u00eame consultation le Dr Ramanoudjame et Madame Marie Jo Clio afin de diminuer au maximum vos d\u00e9placements.<\/strong><\/p>\n<p><strong>Par ailleurs nous proposons une formation aux parents qui souhaitent s\u2019autonomiser dans le traitement de leur enfant.<\/strong><\/p>\n<p>Il s\u2019agit d\u2019une d\u00e9formation apparue tr\u00e8s t\u00f4t dans la vie intra ut\u00e9rine. Le diagnostic ante-natale est parfois possible lors de la premi\u00e8re ou de la 2<sup>\u00e8me<\/sup> \u00e9chographie. Le Dr Ramanoudjame et Madame Marie Jo Clio re\u00e7oivent habituellement ensemble les parents en consultation dite \u00ab\u00a0ante natale\u00a0\u00bb afin d\u2019expliquer les modalit\u00e9s du traitement.<\/p>\n<p>Le pied bot varus \u00e9quin (PBVE) est une d\u00e9formation cong\u00e9nitale tr\u00e8s fr\u00e9quente qui touche une \u00e0 deux naissances sur 1000 en France.<\/p>\n<p>A la naissance, le pied est dans la position de d\u00e9formation maximale. Le traitement fonctionnel permettra une correction compl\u00e8te des d\u00e9fauts. Cependant, une fois la r\u00e9duction de la d\u00e9formation obtenue, un maintien nocturne est prescrit pendant plusieurs ann\u00e9es afin de diminuer le risque de r\u00e9cidive. En effet, la croissance de l\u2019enfant s\u2019effectue la nuit et il est donc indispensable de canaliser la croissance du pied en position de correction lorsque celui-ci grandit.<\/p>\n<h3>Anomalies anatomiques<\/h3>\n<p>Il existe trois anomalies anatomiques qui seront trait\u00e9s par le Dr Ramanoudjame et Madame Marie-Jo Clio<\/p>\n<ul>\n<li>L\u2019\u00e9quin\u00a0: la cheville est bloqu\u00e9e en flexion plantaire. La r\u00e9traction du tendon d\u2019Achille participe fortement \u00e0 cette anomalie<\/li>\n<li>L\u2019Adduction de l\u2019ensemble du pied sous la jambe. Le pied tourne vers l\u2019int\u00e9rieur<\/li>\n<li>L\u2019Adduction du m\u00e9dio avant pied. L\u2019avant du pied tourne \u00e9galement vers l\u2019int\u00e9rieur par rapport \u00e0 l\u2019arri\u00e8re du pied.<\/li>\n<\/ul>\n<p>\u00a0<\/p>\n<p><img loading=\"lazy\" class=\"wp-image-3347 alignleft\" src=\"http:\/\/orthopediatrie.com\/wp-content\/uploads\/2019\/01\/PBVE-Attelles-naissance-300x113.png\" alt=\"\" width=\"515\" height=\"194\" srcset=\"https:\/\/orthopediatrie.com\/wp-content\/uploads\/2019\/01\/PBVE-Attelles-naissance-300x113.png 300w, https:\/\/orthopediatrie.com\/wp-content\/uploads\/2019\/01\/PBVE-Attelles-naissance-768x291.png 768w, https:\/\/orthopediatrie.com\/wp-content\/uploads\/2019\/01\/PBVE-Attelles-naissance-1024x387.png 1024w, https:\/\/orthopediatrie.com\/wp-content\/uploads\/2019\/01\/PBVE-Attelles-naissance.png 1512w\" sizes=\"(max-width: 515px) 100vw, 515px\" \/><\/p>\n<p>\u00a0Traitement fonctionnel (French Method) par plaquettes et attelles<\/p>\n<p>\u00a0<\/p>\n<p>\u00a0<\/p>\n<p>\u00a0<\/p>\n<p>\u00a0<\/p>\n<p>\u00a0<\/p>\n<p>Le traitement est d\u00e9but\u00e9 par un Madame Marie Jo Clio, kin\u00e9sith\u00e9rapeute sp\u00e9cialis\u00e9e, une dizaine de jours apr\u00e8s la naissance de l\u2019enfant. Le pied est mobilis\u00e9 selon des modalit\u00e9s tr\u00e8s pr\u00e9cises afin de corriger les anomalies \u00e9voqu\u00e9es ci dessus. A la fin de chaque s\u00e9ance, les progr\u00e8s r\u00e9alis\u00e9s sont maintenus jusqu\u2019\u00e0 la s\u00e9ance suivante\u00a0: le pied est fix\u00e9 sur une plaquette en plastique dur \u00e0 l\u2019aide de sparadrap adapt\u00e9 puis le membre est plac\u00e9 dans une attelle qui aura \u00e9t\u00e9 pr\u00e9alablement \u00e9t\u00e9 moul\u00e9e par Madame Clio. Cette attelle est maintenue 24H\/24 sauf pour le bain o\u00f9 elle peut \u00eatre retir\u00e9. Id\u00e9alement la p\u00e9riode du cong\u00e9 maternit\u00e9 est utilis\u00e9e pour r\u00e9aliser 5 s\u00e9ances de kin\u00e9sith\u00e9rapie par semaine et permettre ainsi des progr\u00e8s quotidiens.<\/p>\n<p>Les s\u00e9ances peuvent \u00eatre espac\u00e9es par la suite en fonction de l\u2019implication des parents dans le traitement et de leur emploi du temps. En effet les parents apprennent tr\u00e8s vite \u00e0 mobiliser correctement le pied de leur enfant et \u00e0 refixer le pied sur la plaquette.<\/p>\n<p>Les attelles sont r\u00e9alis\u00e9es tous les 15 jours initialement puis tous les mois par Madame Clio. Pour les s\u00e9ances de mobilisation quotidiennes, <strong>Madame Clio vous proposera un listing de kin\u00e9sith\u00e9rapeutes qu\u2019elle a personnellement form\u00e9s afin que de minimiser la dur\u00e9e de trajet pour la famille de l\u2019enfant.<\/strong><\/p>\n<p><strong>A domicile, l\u2019attelle pourra \u00eatre enlev\u00e9e par les parents afin de permette le bain de l\u2019enfant<\/strong>. Il faudra alors uniquement prot\u00e9ger la plaquette qui reste maintenue au pied de l\u2019enfant.<\/p>\n<p>A l\u2019\u00e2ge de quatre mois, une petite intervention chirurgicale peut s\u2019av\u00e9rer n\u00e9cessaire: la t\u00e9notomie d\u2019Achille. Il s\u2019agit d\u2019un allongement du tendon qui permet d\u2019aider la correction de l\u2019\u00e9quin. Cette intervention dure quelques minutes et n\u2019est r\u00e9alis\u00e9e qu\u2019en cas de n\u00e9cessit\u00e9. La d\u00e9cision se fait sur des crit\u00e8res radiographiques tr\u00e8s pr\u00e9cis. Actuellement 60% des enfants trait\u00e9s avec cette m\u00e9thode n\u2019ont pas besoin de cette intervention et ce pourcentage est amen\u00e9 a baisser.<\/p>\n<p>En quelques mois, la correction du pied est quasi compl\u00e8te mais les attelles doivent \u00eatres maintenus car le risque de r\u00e9cidive est important.<\/p>\n<p><img loading=\"lazy\" class=\"wp-image-3348 alignleft\" src=\"http:\/\/orthopediatrie.com\/wp-content\/uploads\/2019\/01\/PBVE-corrige\u0301--300x219.png\" alt=\"\" width=\"461\" height=\"336\" srcset=\"https:\/\/orthopediatrie.com\/wp-content\/uploads\/2019\/01\/PBVE-corrige\u0301--300x219.png 300w, https:\/\/orthopediatrie.com\/wp-content\/uploads\/2019\/01\/PBVE-corrige\u0301-.png 482w\" sizes=\"(max-width: 461px) 100vw, 461px\" \/><\/p>\n<p>Pieds bot Varus \u00e9quin bilat\u00e9raux corrig\u00e9s par la French Method au CMOP Nation.<\/p>\n<p>\u00a0<\/p>\n<p>\u00a0<\/p>\n<p>\u00a0<\/p>\n<p>\u00a0<\/p>\n<p>\u00a0<\/p>\n<p>\u00a0<\/p>\n<p>\u00a0<\/p>\n<p>\u00a0<\/p>\n<p>Lorsque l\u2019enfant commence a vouloir faire du quatre pattes et se mettre debout, le chaussage sera autoris\u00e9 en journ\u00e9e tout en conservant une attelle longue la nuit.<\/p>\n<p>Le traitement suit donc le d\u00e9veloppement moteur de l\u2019enfant.<\/p>\n<p>A partir de la premi\u00e8re ann\u00e9e, le traitement est grandement simplifi\u00e9 mais reste exigeant. Le port d\u2019une attelle nocturne permet de guider la croissance du pied sans r\u00e9cidive car la croissance de l\u2019enfant s\u2019effectue principalement la nuit.<\/p>\n<p>Les s\u00e9ances de kin\u00e9sith\u00e9rapie deviennent de plus en plus espac\u00e9es et laissent place aux exercices ludiques r\u00e9alis\u00e9s en famille et \u00e0 la pratique sportive.<\/p>\n<p><img loading=\"lazy\" class=\"wp-image-3350 alignleft\" src=\"http:\/\/orthopediatrie.com\/wp-content\/uploads\/2019\/01\/pbve-traite\u0301-2-231x300.png\" alt=\"\" width=\"280\" height=\"364\" srcset=\"https:\/\/orthopediatrie.com\/wp-content\/uploads\/2019\/01\/pbve-traite\u0301-2-231x300.png 231w, https:\/\/orthopediatrie.com\/wp-content\/uploads\/2019\/01\/pbve-traite\u0301-2.png 340w\" sizes=\"(max-width: 280px) 100vw, 280px\" \/><\/p>\n<p>\u00a0<\/p>\n<p>Aspect en fin de croissance.\u00a0<\/p>\n<p>\u00a0<\/p>\n<p>\u00a0<\/p>\n<p>\u00a0<\/p>\n<p>\u00a0<\/p>\n<p>\u00a0<\/p>\n<p>\u00a0<\/p>\n<p>\u00a0<\/p>\n<p>\u00a0<\/p>\n<p>Cette m\u00e9thode permet la gu\u00e9rison dans plus de 90% des cas sans chirurgie.<\/p>\n<p>L\u2019indication d\u2019une correction chirurgicale appel\u00e9e \u00ab\u00a0lib\u00e9ration des parties molles\u00a0\u00bb est pos\u00e9e dans 6% des cas. Les r\u00e9sultats de cette chirurgie sont tr\u00e8s bons mais ne dispensent pas du port d\u2019une attelle nocturne pour \u00e9viter les r\u00e9cidives.<\/p>\n<p><strong>\u00a0<\/strong><\/p>\n<h3>\u00a0<\/h3>","protected":false},"excerpt":{"rendered":"<p>\u00a0 Pied Bot Varus Equin Cong\u00e9nital\u00a0: Une prise en charge coordonn\u00e9e et efficace avec le Dr Ramanoudjame et Madame Marie Jo Clio. \u00a0 Aspect de pieds bot varus Equins bilat\u00e9raux a la naissance \u00a0 \u00a0 \u00a0 \u00a0 \u00a0 \u00a0 Conscientes de l\u2019implication du traitement par la famille, le Dr Ramanoudjame et Madame Marie Jo Clio &#8230; <a class=\"more-link\" href=\"https:\/\/orthopediatrie.com\/index.php\/pied-bot-varus-equin\/\">Continue reading<\/a><\/p>\n","protected":false},"author":1,"featured_media":3225,"parent":0,"menu_order":0,"comment_status":"closed","ping_status":"closed","template":"","meta":[],"_links":{"self":[{"href":"https:\/\/orthopediatrie.com\/index.php\/wp-json\/wp\/v2\/pages\/3028"}],"collection":[{"href":"https:\/\/orthopediatrie.com\/index.php\/wp-json\/wp\/v2\/pages"}],"about":[{"href":"https:\/\/orthopediatrie.com\/index.php\/wp-json\/wp\/v2\/types\/page"}],"author":[{"embeddable":true,"href":"https:\/\/orthopediatrie.com\/index.php\/wp-json\/wp\/v2\/users\/1"}],"replies":[{"embeddable":true,"href":"https:\/\/orthopediatrie.com\/index.php\/wp-json\/wp\/v2\/comments?post=3028"}],"version-history":[{"count":20,"href":"https:\/\/orthopediatrie.com\/index.php\/wp-json\/wp\/v2\/pages\/3028\/revisions"}],"predecessor-version":[{"id":3471,"href":"https:\/\/orthopediatrie.com\/index.php\/wp-json\/wp\/v2\/pages\/3028\/revisions\/3471"}],"wp:featuredmedia":[{"embeddable":true,"href":"https:\/\/orthopediatrie.com\/index.php\/wp-json\/wp\/v2\/media\/3225"}],"wp:attachment":[{"href":"https:\/\/orthopediatrie.com\/index.php\/wp-json\/wp\/v2\/media?parent=3028"}],"curies":[{"name":"wp","href":"https:\/\/api.w.org\/{rel}","templated":true}]}}