{"id":2568,"date":"2016-02-08T15:13:44","date_gmt":"2016-02-08T15:13:44","guid":{"rendered":"http:\/\/rttheme20.rtthemes.com\/?page_id=2568"},"modified":"2022-04-07T23:26:42","modified_gmt":"2022-04-07T21:26:42","slug":"prise-de-rendez-vous","status":"publish","type":"page","link":"https:\/\/orthopediatrie.com\/index.php\/prise-de-rendez-vous\/","title":{"rendered":"Prise de Rendez-Vous"},"content":{"rendered":"<p>[vc_row rt_row_background_width=\u00a0\u00bbfullwidth\u00a0\u00bb rt_row_content_width=\u00a0\u00bbdefault\u00a0\u00bb rt_row_style=\u00a0\u00bbdefault-style\u00a0\u00bb rt_row_borders=\u00a0\u00bb\u00a0\u00bb rt_row_shadows=\u00a0\u00bb\u00a0\u00bb rt_column_view=\u00a0\u00bbboxed_columns\u00a0\u00bb rt_row_paddings=\u00a0\u00bbtrue\u00a0\u00bb rt_bg_effect=\u00a0\u00bbclassic\u00a0\u00bb rt_bg_image_repeat=\u00a0\u00bbrepeat\u00a0\u00bb rt_bg_size=\u00a0\u00bbcover\u00a0\u00bb rt_bg_position=\u00a0\u00bbright top\u00a0\u00bb rt_bg_attachment=\u00a0\u00bbscroll\u00a0\u00bb rt_bg_video_format=\u00a0\u00bbself-hosted\u00a0\u00bb][vc_column width=\u00a0\u00bb1\/2&Prime; rt_column_shadow=\u00a0\u00bb\u00a0\u00bb rt_bg_image_repeat=\u00a0\u00bbrepeat\u00a0\u00bb rt_bg_size=\u00a0\u00bbauto auto\u00a0\u00bb rt_bg_attachment=\u00a0\u00bbscroll\u00a0\u00bb]<div class=\"rt_heading_wrapper style-6\">\n\t\t\t\t\t\t<h5 class=\"rt_heading  style-6\" ><span class=\"icon-globe-2 heading_icon\"><\/span>Prise de Rendez-Vous avec le chirurgien orthop\u00e9diste p\u00e9diatre : Dr Mira RAMANOUDJAME<\/h5>\n\t\t\t\t\t<\/div>[vc_column_text]<\/p>\n<ul>\n<li>Prise de rendez-vous <strong>24h\/24 et 7J\/7<\/strong> sur\u00a0<strong>Doctolib.fr <\/strong>. Une <strong>confirmation de rendez-vous<\/strong> vous sera envoy\u00e9e par <strong>email\u00a0<\/strong>lors de la prise du rendez-vous et la veille de votre consultation. Vous recevrez \u00e9galement un <strong>rappel par SMS<\/strong>.<\/li>\n<li>En cas de demande urgente: Mail sur <strong>orthopediatrie@gmail.com<\/strong> ou sms au <strong>07 68 77 36 67<\/strong><\/li>\n<\/ul>\n<p>[\/vc_column_text]<div class=\"button_wrapper aligncenter \"><a  href=\"https:\/\/www.doctolib.fr\/chirurgien-orthopediste-pediatrique\/boulogne-billancourt\/mira-ramanoudjame\" target=\"_blank\" title=\"Prise de rendez-vous en ligne\" class=\"button_  color small\">Prendre Rendez-Vous<\/a><\/div>\n<p>[vc_row rt_row_background_width=\u00a0\u00bbfullwidth\u00a0\u00bb rt_row_content_width=\u00a0\u00bbdefault\u00a0\u00bb rt_row_style=\u00a0\u00bbdefault-style\u00a0\u00bb rt_row_borders=\u00a0\u00bb\u00a0\u00bb rt_row_shadows=\u00a0\u00bb\u00a0\u00bb rt_column_view=\u00a0\u00bbboxed_columns\u00a0\u00bb rt_row_paddings=\u00a0\u00bbtrue\u00a0\u00bb rt_bg_effect=\u00a0\u00bbclassic\u00a0\u00bb rt_bg_image_repeat=\u00a0\u00bbrepeat\u00a0\u00bb rt_bg_size=\u00a0\u00bbcover\u00a0\u00bb rt_bg_position=\u00a0\u00bbright top\u00a0\u00bb rt_bg_attachment=\u00a0\u00bbscroll\u00a0\u00bb rt_bg_video_format=\u00a0\u00bbself-hosted\u00a0\u00bb][vc_column width=\u00a0\u00bb1\/2&Prime; rt_column_shadow=\u00a0\u00bb\u00a0\u00bb rt_bg_image_repeat=\u00a0\u00bbrepeat\u00a0\u00bb rt_bg_size=\u00a0\u00bbauto auto\u00a0\u00bb rt_bg_attachment=\u00a0\u00bbscroll\u00a0\u00bb]<div class=\"rt_heading_wrapper style-6\">\n\t\t\t\t\t\t<h5 class=\"rt_heading  style-6\" ><span class=\"icon-globe-2 heading_icon\"><\/span>Prise de Rendez-Vous avec le chirurgien orthop\u00e9diste p\u00e9diatre : Dr Paula BORREGO<\/h5>\n\t\t\t\t\t<\/div>[vc_column_text]<\/p>\n<ul>\n<li>Prise de rendez-vous <strong>24h\/24 et 7J\/7<\/strong> sur\u00a0<strong>Doctolib<\/strong>. Une <strong>confirmation de rendez-vous<\/strong> vous sera envoy\u00e9e par <strong>email\u00a0<\/strong>lors de la prise du rendez-vous et la veille de votre consultation. Vous recevrez \u00e9galement un <strong>rappel par SMS<\/strong>.<\/li>\n<\/ul>\n<p>[\/vc_column_text]<div class=\"button_wrapper aligncenter \"><a  href=\"https:\/\/www.doctolib.fr\/chirurgie-infantile\/paris\/paula-borrego?pid=practice-160546\" target=\"_blank\" title=\"Prise de rendez-vous en ligne\" class=\"button_  color small\">Prendre Rendez-Vous<\/a><\/div>\n<p>[\/vc_column][vc_column width=\u00a0\u00bb1\/2&Prime; rt_column_shadow=\u00a0\u00bb\u00a0\u00bb rt_bg_image_repeat=\u00a0\u00bbrepeat\u00a0\u00bb rt_bg_size=\u00a0\u00bbauto auto\u00a0\u00bb rt_bg_attachment=\u00a0\u00bbscroll\u00a0\u00bb]<div class=\"rt_heading_wrapper style-6\">\n\t\t\t\t\t\t<h5 class=\"rt_heading  style-6\" ><span class=\"icon-globe-2 heading_icon\"><\/span>Prise de Rendez-Vous avec le kin\u00e9sith\u00e9rapeute p\u00e9diatre : Mme Marie-Jos\u00e8phe CLIO-ASSOUVIE<\/h5>\n\t\t\t\t\t<\/div>[vc_column_text]<\/p>\n<ul>\n<li>Prise de rendez-vous t\u00e9l\u00e9phonique au <strong>06 40 11 61 52<\/strong><\/li>\n<\/ul>\n<p>[\/vc_column_text][\/vc_column][\/vc_row][vc_row rt_row_background_width=\u00a0\u00bbfullwidth\u00a0\u00bb rt_row_content_width=\u00a0\u00bbdefault\u00a0\u00bb rt_row_style=\u00a0\u00bbdefault-style\u00a0\u00bb rt_row_borders=\u00a0\u00bb\u00a0\u00bb rt_row_shadows=\u00a0\u00bb\u00a0\u00bb rt_row_paddings=\u00a0\u00bbtrue\u00a0\u00bb rt_bg_effect=\u00a0\u00bbclassic\u00a0\u00bb rt_bg_image_repeat=\u00a0\u00bbrepeat\u00a0\u00bb rt_bg_size=\u00a0\u00bbcover\u00a0\u00bb rt_bg_position=\u00a0\u00bbright top\u00a0\u00bb rt_bg_attachment=\u00a0\u00bbscroll\u00a0\u00bb rt_bg_video_format=\u00a0\u00bbself-hosted\u00a0\u00bb][vc_column rt_column_shadow=\u00a0\u00bb\u00a0\u00bb rt_bg_image_repeat=\u00a0\u00bbrepeat\u00a0\u00bb rt_bg_size=\u00a0\u00bbauto auto\u00a0\u00bb rt_bg_attachment=\u00a0\u00bbscroll\u00a0\u00bb]<div class=\"rt_heading_wrapper style-6\">\n\t\t\t\t\t\t<h5 class=\"rt_heading  style-6\" ><span class=\"icon-location-2 heading_icon\"><\/span>Centre Medical et OrthoPediatrique Nation<\/h5>\n\t\t\t\t\t<\/div>\t \n\t\t<div  class=\"with_icons style-1 \">\n\t\t\t \n\t\t<div  >\n\t\t<span class=\"icon-address icon\"><\/span><div class=\"list-content\"><p>Passage Maigrot-Delaunay<br \/>\n75020 Paris<\/p>\n<\/div>\n\t\t<\/div>\n\t\t \n\t\t<div  >\n\t\t<span class=\"icon-phone icon\"><\/span><div class=\"list-content\"><p>01 44 93 97 59<\/p>\n<\/div>\n\t\t<\/div>\n\t\t \n\t\t<div  >\n\t\t<span class=\"icon-mail-1 icon\"><\/span><div class=\"list-content\"><p><a href=\"mailto:cmopnation@gmail.com\">cmopnation@gmail.com<\/a><\/p>\n<\/div>\n\t\t<\/div>\n\t\n\t\t<\/div>\n\t[\/vc_column][\/vc_row][vc_row rt_row_background_width=\u00a0\u00bbfullwidth\u00a0\u00bb rt_row_content_width=\u00a0\u00bbdefault\u00a0\u00bb rt_row_style=\u00a0\u00bbdefault-style\u00a0\u00bb rt_row_borders=\u00a0\u00bb\u00a0\u00bb rt_row_shadows=\u00a0\u00bb\u00a0\u00bb rt_row_paddings=\u00a0\u00bbtrue\u00a0\u00bb rt_bg_effect=\u00a0\u00bbclassic\u00a0\u00bb rt_bg_image_repeat=\u00a0\u00bbrepeat\u00a0\u00bb rt_bg_size=\u00a0\u00bbcover\u00a0\u00bb rt_bg_position=\u00a0\u00bbright top\u00a0\u00bb rt_bg_attachment=\u00a0\u00bbscroll\u00a0\u00bb rt_bg_video_format=\u00a0\u00bbself-hosted\u00a0\u00bb][vc_column rt_column_shadow=\u00a0\u00bb\u00a0\u00bb rt_bg_image_repeat=\u00a0\u00bbrepeat\u00a0\u00bb rt_bg_size=\u00a0\u00bbauto auto\u00a0\u00bb rt_bg_attachment=\u00a0\u00bbscroll\u00a0\u00bb]<div class=\"rt_heading_wrapper style-6\">\n\t\t\t\t\t\t<h5 class=\"rt_heading  style-6\" ><span class=\"icon-line-map heading_icon\"><\/span>Localisation du Centre Ortho P\u00e9diatrique Nation<\/h5>\n\t\t\t\t\t<\/div>[vc_column_text css_animation=\u00a0\u00bbappear\u00a0\u00bb]<iframe loading=\"lazy\" style=\"border: 0;\" src=\"https:\/\/www.google.com\/maps\/embed?pb=!1m14!1m8!1m3!1d5250.818391751674!2d2.400952!3d48.850407!3m2!1i1024!2i768!4f13.1!3m3!1m2!1s0x47e67279f0b696e5%3A0x29f2e3ace4cb2b9d!2sPassage+Maigrot-Delaunay%2C+75020+Paris%2C+France!5e0!3m2!1sfr!2suk!4v1483787854596\" width=\"1024\" height=\"600\" frameborder=\"0\" allowfullscreen=\"allowfullscreen\"><\/iframe>[\/vc_column_text][\/vc_column][\/vc_row]<\/p>\n","protected":false},"excerpt":{"rendered":"<p>[vc_row rt_row_background_width=\u00a0\u00bbfullwidth\u00a0\u00bb rt_row_content_width=\u00a0\u00bbdefault\u00a0\u00bb rt_row_style=\u00a0\u00bbdefault-style\u00a0\u00bb rt_row_borders=\u00a0\u00bb\u00a0\u00bb rt_row_shadows=\u00a0\u00bb\u00a0\u00bb rt_column_view=\u00a0\u00bbboxed_columns\u00a0\u00bb rt_row_paddings=\u00a0\u00bbtrue\u00a0\u00bb rt_bg_effect=\u00a0\u00bbclassic\u00a0\u00bb rt_bg_image_repeat=\u00a0\u00bbrepeat\u00a0\u00bb rt_bg_size=\u00a0\u00bbcover\u00a0\u00bb rt_bg_position=\u00a0\u00bbright top\u00a0\u00bb rt_bg_attachment=\u00a0\u00bbscroll\u00a0\u00bb rt_bg_video_format=\u00a0\u00bbself-hosted\u00a0\u00bb][vc_column width=\u00a0\u00bb1\/2&Prime; rt_column_shadow=\u00a0\u00bb\u00a0\u00bb rt_bg_image_repeat=\u00a0\u00bbrepeat\u00a0\u00bb rt_bg_size=\u00a0\u00bbauto auto\u00a0\u00bb rt_bg_attachment=\u00a0\u00bbscroll\u00a0\u00bb][vc_column_text] Prise de rendez-vous 24h\/24 et 7J\/7 sur\u00a0Doctolib.fr . Une confirmation de rendez-vous vous sera envoy\u00e9e par email\u00a0lors de la prise du rendez-vous et la veille de votre consultation. Vous recevrez \u00e9galement un rappel par &#8230; <a class=\"more-link\" href=\"https:\/\/orthopediatrie.com\/index.php\/prise-de-rendez-vous\/\">Continue reading<\/a><\/p>\n","protected":false},"author":1,"featured_media":0,"parent":0,"menu_order":0,"comment_status":"closed","ping_status":"closed","template":"","meta":[],"_links":{"self":[{"href":"https:\/\/orthopediatrie.com\/index.php\/wp-json\/wp\/v2\/pages\/2568"}],"collection":[{"href":"https:\/\/orthopediatrie.com\/index.php\/wp-json\/wp\/v2\/pages"}],"about":[{"href":"https:\/\/orthopediatrie.com\/index.php\/wp-json\/wp\/v2\/types\/page"}],"author":[{"embeddable":true,"href":"https:\/\/orthopediatrie.com\/index.php\/wp-json\/wp\/v2\/users\/1"}],"replies":[{"embeddable":true,"href":"https:\/\/orthopediatrie.com\/index.php\/wp-json\/wp\/v2\/comments?post=2568"}],"version-history":[{"count":72,"href":"https:\/\/orthopediatrie.com\/index.php\/wp-json\/wp\/v2\/pages\/2568\/revisions"}],"predecessor-version":[{"id":3723,"href":"https:\/\/orthopediatrie.com\/index.php\/wp-json\/wp\/v2\/pages\/2568\/revisions\/3723"}],"wp:attachment":[{"href":"https:\/\/orthopediatrie.com\/index.php\/wp-json\/wp\/v2\/media?parent=2568"}],"curies":[{"name":"wp","href":"https:\/\/api.w.org\/{rel}","templated":true}]}}