{"id":10,"date":"2016-11-26T21:31:07","date_gmt":"2016-11-26T20:31:07","guid":{"rendered":"http:\/\/orthopediatrie.com\/?page_id=10"},"modified":"2022-04-07T23:24:41","modified_gmt":"2022-04-07T21:24:41","slug":"l-equipe","status":"publish","type":"page","link":"https:\/\/orthopediatrie.com\/index.php\/l-equipe\/","title":{"rendered":"L&rsquo;\u00e9quipe"},"content":{"rendered":"<p><strong>Cabinet de consultation\u00a0<\/strong>:<\/p>\n<p>Le Dr Mira Ramanoudjame vous accueille \u00e0 la Clinique Marcel Sembat situ\u00e9 \u00e0 Boulogne Billancourt ainsi qu\u2019au Centre d\u2019Orthop\u00e9die P\u00e9diatrique de Nation.<\/p>\n<p>La prise de rendez-vous s\u2019effectue en ligne 24h\/24 et 7j\/7 sur Doctolib.<\/p>\n<p>Une confirmation de rendez-vous vous sera envoy\u00e9e par email lors de la prise de rendez-vous et la veille de votre consultation. Vous recevrez \u00e9galement un SMS.<\/p>\n<p>En cas d\u2019urgence, veuillez composer le 15 ou vous rendre au service des Urgences le plus proche.<\/p>\n<p><strong>Dipl\u00f4mes et qualifications<\/strong><\/p>\n<p>Dr Mira Ramanoudjame<\/p>\n<p>Chirurgien orthop\u00e9diste p\u00e9diatre<\/p>\n<p>Ancien chef de clinique de l\u2019H\u00f4pital Necker Enfants Malades<\/p>\n<p>Ancien chef de clinique de l\u2019H\u00f4pital Trousseau<\/p>\n<p>Chirurgie orthop\u00e9dique et traumatologique de l\u2019enfant et de l\u2019adolescent<\/p>\n<p><strong>Dipl\u00f4mes<\/strong><\/p>\n<p>Dipl\u00f4me d\u2019Etudes Sp\u00e9cialis\u00e9es Compl\u00e9mentaires en Chirurgie Orthop\u00e9dique et Traumatologique<\/p>\n<p>Dipl\u00f4me Inter Universitaire d\u2019Arthroscopie<\/p>\n<p>Dipl\u00f4me Inter Universitaire de Chirurgie de la main et du membre sup\u00e9rieur<\/p>\n<p>Dipl\u00f4me Universitaire de Techniques Microchirurgicales<\/p>\n<p>Dipl\u00f4me Universitaire d\u2019Anatomie Fonctionnelle et Chirurgicale de l\u2019Appareil Locomoteur<\/p>\n<p>Master \u00a0M2\u00a0 \u00ab\u00a0Biom\u00e9canique ost\u00e9o-articulaire et tissulaire\u00a0\u00bb<\/p>\n<p><strong>Soci\u00e9t\u00e9s savantes<\/strong><\/p>\n<p>Membre de la SOFCOT (Soci\u00e9t\u00e9 Fran\u00e7aise de Chirurgie Orthop\u00e9dique et Traumatologique)<\/p>\n<p>Membre de la SOFOP (Soci\u00e9t\u00e9 Fran\u00e7aise d\u2019Orthop\u00e9die P\u00e9diatrique)<\/p>\n<p>Membre de l\u2019ARKOPE (Association R\u00e9seau Kin\u00e9sith\u00e9rapeutes et Orthop\u00e9distes P\u00e9diatres)<\/p>\n<p>Praticien Attach\u00e9 dans le service de Chirurgie Orthop\u00e9dique p\u00e9diatrique de l\u2019H\u00f4pital Trousseau.<\/p>\n<p><strong>Enseignements r\u00e9currents<\/strong><\/p>\n<p>Le Dr Ramanoudjame pr\u00e9sente une activit\u00e9 d\u2019enseignement importante\u00a0:<\/p>\n<ul>\n<li>Charg\u00e9e d\u2019enseignement de cin\u00e9siologie et d\u2019Orthop\u00e9die Infantile au sein de l\u2019ADERF (Ecole de kin\u00e9sith\u00e9rapeutes)\u00a0: Le Dr Ramanoudjame forme les futurs kin\u00e9sith\u00e9rapeutes afin qu\u2019ils acqui\u00e8rent les bases de l\u2019anatomie fonctionnelle du membre inf\u00e9rieur. Ils sont \u00e9galement form\u00e9s \u00e0 la prise en charge du Pied Bot Varus Equin.<\/li>\n<li>Formateur au sein du r\u00e9seau ARKOPE o\u00f9 elle sensibilise les kin\u00e9sith\u00e9rapeutes aux sp\u00e9cificit\u00e9s du traitement des anomalies des pieds tel que le Pied Bot Varus Equin, le Pied Convexe Cong\u00e9nital, le Pied en Z.<\/li>\n<li>Enseignant au Dipl\u00f4me Interuniversitaire de P\u00e9diatrie et Maternit\u00e9\u00a0: Le Dr Ramanoudjame est ainsi en lien avec les p\u00e9diatres de ville qui s\u2019int\u00e9ressent au d\u00e9pistage de troubles orthop\u00e9diques du nouveau n\u00e9 tel que la Luxation cong\u00e9nitale de Hanche ou les anomalies des pieds.<\/li>\n<li>Enseignant au Dipl\u00f4me de M\u00e9decine P\u00e9rinatale\u00a0: Le Dr Ramanoudjame sensibilise les Gyn\u00e9cologues obst\u00e9triciens et les sages-femmes aux anomalies orthop\u00e9diques rencontr\u00e9s suite \u00e0 l\u2019accouchement.<\/li>\n<li>Enseignant au Dipl\u00f4me Universitaire \u00ab\u00a0Appareillages\u00a0\u00bb\u00a0: Cours sur l\u2019appareillage de l\u2019enfant paralys\u00e9 c\u00e9r\u00e9bral<\/li>\n<li>Conf\u00e9rencier au congr\u00e8s national de M\u00e9decine d\u2019urgences\u00a0: Le Dr Ramanoudjame y explique les pi\u00e8ges rencontr\u00e9s en traumatologie p\u00e9diatrique \u00e0 un public d\u2019urgentistes.<\/li>\n<li>Chirurgien aupr\u00e8s de la Chaine de l&rsquo;Espoir. Le Dr Ramanoudjame effectue des missions chirurgicales au Bangladesh et op\u00e8re les enfants souffrant de pieds bots inv\u00e9t\u00e9r\u00e9s dans le cadre humanitaire.<\/li>\n<\/ul>\n","protected":false},"excerpt":{"rendered":"<p>Cabinet de consultation\u00a0: Le Dr Mira Ramanoudjame vous accueille \u00e0 la Clinique Marcel Sembat situ\u00e9 \u00e0 Boulogne Billancourt ainsi qu\u2019au Centre d\u2019Orthop\u00e9die P\u00e9diatrique de Nation. La prise de rendez-vous s\u2019effectue en ligne 24h\/24 et 7j\/7 sur Doctolib. Une confirmation de rendez-vous vous sera envoy\u00e9e par email lors de la prise de rendez-vous et la veille &#8230; <a class=\"more-link\" href=\"https:\/\/orthopediatrie.com\/index.php\/l-equipe\/\">Continue reading<\/a><\/p>\n","protected":false},"author":1,"featured_media":0,"parent":0,"menu_order":0,"comment_status":"closed","ping_status":"closed","template":"","meta":[],"_links":{"self":[{"href":"https:\/\/orthopediatrie.com\/index.php\/wp-json\/wp\/v2\/pages\/10"}],"collection":[{"href":"https:\/\/orthopediatrie.com\/index.php\/wp-json\/wp\/v2\/pages"}],"about":[{"href":"https:\/\/orthopediatrie.com\/index.php\/wp-json\/wp\/v2\/types\/page"}],"author":[{"embeddable":true,"href":"https:\/\/orthopediatrie.com\/index.php\/wp-json\/wp\/v2\/users\/1"}],"replies":[{"embeddable":true,"href":"https:\/\/orthopediatrie.com\/index.php\/wp-json\/wp\/v2\/comments?post=10"}],"version-history":[{"count":3,"href":"https:\/\/orthopediatrie.com\/index.php\/wp-json\/wp\/v2\/pages\/10\/revisions"}],"predecessor-version":[{"id":3720,"href":"https:\/\/orthopediatrie.com\/index.php\/wp-json\/wp\/v2\/pages\/10\/revisions\/3720"}],"wp:attachment":[{"href":"https:\/\/orthopediatrie.com\/index.php\/wp-json\/wp\/v2\/media?parent=10"}],"curies":[{"name":"wp","href":"https:\/\/api.w.org\/{rel}","templated":true}]}}